{"id":2018,"date":"2020-09-23T12:54:40","date_gmt":"2020-09-23T10:54:40","guid":{"rendered":"https:\/\/www.alijamos-whippets.sk\/junior-handling\/"},"modified":"2020-09-30T19:41:20","modified_gmt":"2020-09-30T17:41:20","slug":"junior-handling","status":"publish","type":"page","link":"https:\/\/www.alijamos-whippets.sk\/en\/junior-handling\/","title":{"rendered":"Junior handling"},"content":{"rendered":"\t\t<div data-elementor-type=\"wp-page\" data-elementor-id=\"2018\" class=\"elementor elementor-2018 elementor-1763\" data-elementor-post-type=\"page\">\n\t\t\t\t\t\t<section class=\"elementor-section elementor-top-section elementor-element elementor-element-48143800 elementor-section-full_width elementor-section-height-min-height elementor-section-items-stretch elementor-section-content-bottom elementor-section-height-default\" data-id=\"48143800\" data-element_type=\"section\">\n\t\t\t\t\t\t\t<div class=\"elementor-background-overlay\"><\/div>\n\t\t\t\t\t\t\t<div class=\"elementor-container elementor-column-gap-no\">\n\t\t\t\t\t<div class=\"elementor-column elementor-col-50 elementor-top-column elementor-element elementor-element-58f0c5ab\" data-id=\"58f0c5ab\" data-element_type=\"column\" data-settings=\"{&quot;background_background&quot;:&quot;classic&quot;}\">\n\t\t\t<div class=\"elementor-widget-wrap elementor-element-populated\">\n\t\t\t\t\t<div class=\"elementor-background-overlay\"><\/div>\n\t\t\t\t\t\t<div class=\"elementor-element elementor-element-4e3cf4b3 elementor-widget elementor-widget-heading\" data-id=\"4e3cf4b3\" data-element_type=\"widget\" data-widget_type=\"heading.default\">\n\t\t\t\t<div class=\"elementor-widget-container\">\n\t\t\t\t\t<h1 class=\"elementor-heading-title elementor-size-default\">Junior handling<\/h1>\t\t\t\t<\/div>\n\t\t\t\t<\/div>\n\t\t\t\t<div class=\"elementor-element elementor-element-16f93f43 elementor-widget elementor-widget-heading\" data-id=\"16f93f43\" data-element_type=\"widget\" data-widget_type=\"heading.default\">\n\t\t\t\t<div class=\"elementor-widget-container\">\n\t\t\t\t\t<h6 class=\"elementor-heading-title elementor-size-default\"> Hopeful handlers at Alijamo's.<\/h6>\t\t\t\t<\/div>\n\t\t\t\t<\/div>\n\t\t\t\t\t<\/div>\n\t\t<\/div>\n\t\t\t\t<div class=\"elementor-column elementor-col-25 elementor-top-column elementor-element elementor-element-61b04fd7\" data-id=\"61b04fd7\" data-element_type=\"column\">\n\t\t\t<div class=\"elementor-widget-wrap elementor-element-populated\">\n\t\t\t\t\t\t<div class=\"elementor-element elementor-element-3d9061b elementor-widget elementor-widget-image\" data-id=\"3d9061b\" data-element_type=\"widget\" data-widget_type=\"image.default\">\n\t\t\t\t<div class=\"elementor-widget-container\">\n\t\t\t\t\t\t\t\t\t\t\t\t\t\t\t<img fetchpriority=\"high\" decoding=\"async\" width=\"1024\" height=\"682\" src=\"https:\/\/www.alijamos-whippets.sk\/wp-content\/uploads\/2020\/09\/JH-Jakub-Oliver.jpg\" class=\"attachment-full size-full wp-image-1948\" alt=\"JH Jakub &amp; Oliver\" srcset=\"https:\/\/www.alijamos-whippets.sk\/wp-content\/uploads\/2020\/09\/JH-Jakub-Oliver.jpg 1024w, https:\/\/www.alijamos-whippets.sk\/wp-content\/uploads\/2020\/09\/JH-Jakub-Oliver-300x200.jpg 300w, https:\/\/www.alijamos-whippets.sk\/wp-content\/uploads\/2020\/09\/JH-Jakub-Oliver-768x512.jpg 768w\" sizes=\"(max-width: 1024px) 100vw, 1024px\" \/>\t\t\t\t\t\t\t\t\t\t\t\t\t\t\t<\/div>\n\t\t\t\t<\/div>\n\t\t\t\t\t<\/div>\n\t\t<\/div>\n\t\t\t\t<div class=\"elementor-column elementor-col-25 elementor-top-column elementor-element elementor-element-6ba142ad\" data-id=\"6ba142ad\" data-element_type=\"column\">\n\t\t\t<div class=\"elementor-widget-wrap elementor-element-populated\">\n\t\t\t\t\t\t<div class=\"elementor-element elementor-element-26bbfb85 elementor-widget-mobile__width-initial animated-slow elementor-widget-tablet__width-initial elementor-invisible elementor-widget elementor-widget-spacer\" data-id=\"26bbfb85\" data-element_type=\"widget\" data-settings=\"{&quot;_animation&quot;:&quot;fadeInRight&quot;}\" data-widget_type=\"spacer.default\">\n\t\t\t\t<div class=\"elementor-widget-container\">\n\t\t\t\t\t\t\t<div class=\"elementor-spacer\">\n\t\t\t<div class=\"elementor-spacer-inner\"><\/div>\n\t\t<\/div>\n\t\t\t\t\t\t<\/div>\n\t\t\t\t<\/div>\n\t\t\t\t\t<\/div>\n\t\t<\/div>\n\t\t\t\t\t<\/div>\n\t\t<\/section>\n\t\t\t\t<section class=\"elementor-section elementor-top-section elementor-element elementor-element-17d8a0bb elementor-section-full_width elementor-section-height-default elementor-section-height-default\" data-id=\"17d8a0bb\" data-element_type=\"section\">\n\t\t\t\t\t\t<div class=\"elementor-container elementor-column-gap-no\">\n\t\t\t\t\t<div class=\"elementor-column elementor-col-100 elementor-top-column elementor-element elementor-element-3e4e6fdc\" data-id=\"3e4e6fdc\" data-element_type=\"column\">\n\t\t\t<div class=\"elementor-widget-wrap elementor-element-populated\">\n\t\t\t\t\t\t<section class=\"elementor-section elementor-inner-section elementor-element elementor-element-5fc8bcf4 elementor-section-full_width elementor-section-height-default elementor-section-height-default\" data-id=\"5fc8bcf4\" data-element_type=\"section\">\n\t\t\t\t\t\t<div class=\"elementor-container elementor-column-gap-no\">\n\t\t\t\t\t<div class=\"elementor-column elementor-col-100 elementor-inner-column elementor-element elementor-element-47445cfa\" data-id=\"47445cfa\" data-element_type=\"column\">\n\t\t\t<div class=\"elementor-widget-wrap elementor-element-populated\">\n\t\t\t\t\t\t<div class=\"elementor-element elementor-element-97a8c5b elementor-invisible elementor-widget elementor-widget-image\" data-id=\"97a8c5b\" data-element_type=\"widget\" data-settings=\"{&quot;_animation&quot;:&quot;slideInRight&quot;,&quot;_animation_delay&quot;:200}\" data-widget_type=\"image.default\">\n\t\t\t\t<div class=\"elementor-widget-container\">\n\t\t\t\t\t\t\t\t\t\t\t\t\t\t\t\t<a href=\"https:\/\/www.juniorhandling.sk\" target=\"_blank\">\n\t\t\t\t\t\t\t<img decoding=\"async\" width=\"300\" height=\"278\" src=\"https:\/\/www.alijamos-whippets.sk\/wp-content\/uploads\/2020\/09\/Junior-Handling-Klub-Slovensko-300x278.png\" class=\"attachment-medium size-medium wp-image-2320\" alt=\"\" srcset=\"https:\/\/www.alijamos-whippets.sk\/wp-content\/uploads\/2020\/09\/Junior-Handling-Klub-Slovensko-300x278.png 300w, https:\/\/www.alijamos-whippets.sk\/wp-content\/uploads\/2020\/09\/Junior-Handling-Klub-Slovensko.png 450w\" sizes=\"(max-width: 300px) 100vw, 300px\" \/>\t\t\t\t\t\t\t\t<\/a>\n\t\t\t\t\t\t\t\t\t\t\t\t\t\t\t<\/div>\n\t\t\t\t<\/div>\n\t\t\t\t\t<\/div>\n\t\t<\/div>\n\t\t\t\t\t<\/div>\n\t\t<\/section>\n\t\t\t\t\t<\/div>\n\t\t<\/div>\n\t\t\t\t\t<\/div>\n\t\t<\/section>\n\t\t\t\t<section class=\"elementor-section elementor-top-section elementor-element elementor-element-7f209051 elementor-section-full_width elementor-section-height-default elementor-section-height-default\" data-id=\"7f209051\" data-element_type=\"section\">\n\t\t\t\t\t\t<div class=\"elementor-container elementor-column-gap-no\">\n\t\t\t\t\t<div class=\"elementor-column elementor-col-100 elementor-top-column elementor-element elementor-element-3c0abcd3\" data-id=\"3c0abcd3\" data-element_type=\"column\">\n\t\t\t<div class=\"elementor-widget-wrap elementor-element-populated\">\n\t\t\t\t\t\t<div class=\"elementor-element elementor-element-8c11569 elementor-drop-cap-yes elementor-drop-cap-view-default elementor-widget elementor-widget-text-editor\" data-id=\"8c11569\" data-element_type=\"widget\" data-settings=\"{&quot;drop_cap&quot;:&quot;yes&quot;}\" data-widget_type=\"text-editor.default\">\n\t\t\t\t<div class=\"elementor-widget-container\">\n\t\t\t\t\t\t\t\t\t<p id=\"tw-target-text\" class=\"tw-data-text tw-text-large XcVN5d tw-ta\" dir=\"ltr\" data-placeholder=\"Preklad\"><span lang=\"en\">We have been engaged in junior handling for several years. Jakub started in 2010 with our Jasm\u00edna at international exhibitions in the Child and Dog competitions, which have since been canceled. So we waited until he reached the age of 9 and could start intensively engaging in junior handling. Initially, his show dog was Jasm\u00edna, later Jakub built a very close relationship with Applejack, whom he still exhibits and competes with. He has already won the podium several times and has already won the qualification for the final evening of the Junior handlers 3 times. At Alijamo&#8217;s we gradually got more promising handlers thanks to our puppies: Oliver with Beetle, Alena with Eyre, Mi\u0161ko with Eling, Daniela with Falco and Feely.<\/span><\/p>\n\t\t\t\t\t\t\t\t<\/div>\n\t\t\t\t<\/div>\n\t\t\t\t<div class=\"elementor-element elementor-element-7b7958b0 elementor-widget elementor-widget-gallery\" data-id=\"7b7958b0\" data-element_type=\"widget\" data-settings=\"{&quot;columns&quot;:&quot;3&quot;,&quot;gap&quot;:{&quot;unit&quot;:&quot;px&quot;,&quot;size&quot;:&quot;40&quot;,&quot;sizes&quot;:[]},&quot;aspect_ratio&quot;:&quot;1:1&quot;,&quot;overlay_description&quot;:&quot;caption&quot;,&quot;lazyload&quot;:&quot;yes&quot;,&quot;gallery_layout&quot;:&quot;grid&quot;,&quot;columns_tablet&quot;:2,&quot;columns_mobile&quot;:1,&quot;gap_tablet&quot;:{&quot;unit&quot;:&quot;px&quot;,&quot;size&quot;:10,&quot;sizes&quot;:[]},&quot;gap_mobile&quot;:{&quot;unit&quot;:&quot;px&quot;,&quot;size&quot;:10,&quot;sizes&quot;:[]},&quot;link_to&quot;:&quot;file&quot;,&quot;show_all_galleries&quot;:&quot;yes&quot;,&quot;overlay_background&quot;:&quot;yes&quot;,&quot;content_hover_animation&quot;:&quot;fade-in&quot;}\" data-widget_type=\"gallery.default\">\n\t\t\t\t<div class=\"elementor-widget-container\">\n\t\t\t\t\t\t\t\t<div class=\"elementor-gallery__titles-container e--pointer-none\" aria-label=\"Gallery filter\">\n\t\t\t\t\t\t\t\t\t<a class=\"elementor-item elementor-gallery-title\" role=\"button\" tabindex=\"0\" data-gallery-index=\"all\">\n\t\t\t\t\t\tAll\t\t\t\t\t<\/a>\n\t\t\t\t\n\t\t\t\t\t\t\t\t\t<a class=\"elementor-item elementor-gallery-title\" role=\"button\" tabindex=\"0\" data-gallery-index=\"0\">\n\t\t\t\t\t\tJakub\t\t\t\t\t<\/a>\n\t\t\t\t\t\t\t\t\t\t<a class=\"elementor-item elementor-gallery-title\" role=\"button\" tabindex=\"0\" data-gallery-index=\"1\">\n\t\t\t\t\t\tOliver\t\t\t\t\t<\/a>\n\t\t\t\t\t\t\t\t\t\t<a class=\"elementor-item elementor-gallery-title\" role=\"button\" tabindex=\"0\" data-gallery-index=\"2\">\n\t\t\t\t\t\tMichal\t\t\t\t\t<\/a>\n\t\t\t\t\t\t\t\t<\/div>\n\t\t\t\t\t<div class=\"elementor-gallery__container\">\n\t\t\t\t\t\t\t<a class=\"e-gallery-item elementor-gallery-item elementor-animated-content\" data-e-gallery-tags=\"0\" href=\"https:\/\/www.alijamos-whippets.sk\/wp-content\/uploads\/2020\/09\/junior-handling-2.png\" data-elementor-open-lightbox=\"yes\" data-elementor-lightbox-slideshow=\"7b7958b0\" data-elementor-lightbox-title=\"junior-handling-2\" data-e-action-hash=\"#elementor-action%3Aaction%3Dlightbox%26settings%3DeyJpZCI6MTA4MSwidXJsIjoiaHR0cHM6XC9cL3d3dy5hbGlqYW1vcy13aGlwcGV0cy5za1wvd3AtY29udGVudFwvdXBsb2Fkc1wvMjAyMFwvMDlcL2p1bmlvci1oYW5kbGluZy0yLnBuZyIsInNsaWRlc2hvdyI6IjdiNzk1OGIwIn0%3D\">\n\t\t\t\t\t<div class=\"e-gallery-image elementor-gallery-item__image\" data-thumbnail=\"https:\/\/www.alijamos-whippets.sk\/wp-content\/uploads\/2020\/09\/junior-handling-2.png\" data-width=\"768\" data-height=\"876\" aria-label=\"\" role=\"img\" ><\/div>\n\t\t\t\t\t\t\t\t\t\t\t<div class=\"elementor-gallery-item__overlay\"><\/div>\n\t\t\t\t\t\t\t\t\t\t\t\t\t\t\t<div class=\"elementor-gallery-item__content\">\n\t\t\t\t\t\t\t\t\t\t\t\t\t\t<div class=\"elementor-gallery-item__description\">\n\t\t\t\t\t\t\t\t\t\t\t\t\t\t\t\t\t\tJakub\t\t\t\t\t\t\t\t<\/div>\n\t\t\t\t\t\t\t\t\t\t\t\t<\/div>\n\t\t\t\t\t\t\t\t\t<\/a>\n\t\t\t\t\t\t\t<a class=\"e-gallery-item elementor-gallery-item elementor-animated-content\" data-e-gallery-tags=\"0\" href=\"https:\/\/www.alijamos-whippets.sk\/wp-content\/uploads\/2020\/09\/junior-handling-dogexpo-2019.jpg\" data-elementor-open-lightbox=\"yes\" data-elementor-lightbox-slideshow=\"7b7958b0\" data-elementor-lightbox-title=\"junior-handling-dogexpo-2019\" data-e-action-hash=\"#elementor-action%3Aaction%3Dlightbox%26settings%3DeyJpZCI6MTA3NCwidXJsIjoiaHR0cHM6XC9cL3d3dy5hbGlqYW1vcy13aGlwcGV0cy5za1wvd3AtY29udGVudFwvdXBsb2Fkc1wvMjAyMFwvMDlcL2p1bmlvci1oYW5kbGluZy1kb2dleHBvLTIwMTkuanBnIiwic2xpZGVzaG93IjoiN2I3OTU4YjAifQ%3D%3D\">\n\t\t\t\t\t<div class=\"e-gallery-image elementor-gallery-item__image\" data-thumbnail=\"https:\/\/www.alijamos-whippets.sk\/wp-content\/uploads\/2020\/09\/junior-handling-dogexpo-2019.jpg\" data-width=\"649\" data-height=\"719\" aria-label=\"\" role=\"img\" ><\/div>\n\t\t\t\t\t\t\t\t\t\t\t<div class=\"elementor-gallery-item__overlay\"><\/div>\n\t\t\t\t\t\t\t\t\t\t\t\t\t\t\t<div class=\"elementor-gallery-item__content\">\n\t\t\t\t\t\t\t\t\t\t\t\t\t\t<div class=\"elementor-gallery-item__description\">\n\t\t\t\t\t\t\t\t\t\t\t\t\t\t\t\t\t\tJakub\t\t\t\t\t\t\t\t<\/div>\n\t\t\t\t\t\t\t\t\t\t\t\t<\/div>\n\t\t\t\t\t\t\t\t\t<\/a>\n\t\t\t\t\t\t\t<a class=\"e-gallery-item elementor-gallery-item elementor-animated-content\" data-e-gallery-tags=\"0\" href=\"https:\/\/www.alijamos-whippets.sk\/wp-content\/uploads\/2020\/09\/junior-handling-Velke-Ulany.jpg\" data-elementor-open-lightbox=\"yes\" data-elementor-lightbox-slideshow=\"7b7958b0\" data-elementor-lightbox-title=\"junior-handling-Velke-Ulany\" data-e-action-hash=\"#elementor-action%3Aaction%3Dlightbox%26settings%3DeyJpZCI6MTA3MSwidXJsIjoiaHR0cHM6XC9cL3d3dy5hbGlqYW1vcy13aGlwcGV0cy5za1wvd3AtY29udGVudFwvdXBsb2Fkc1wvMjAyMFwvMDlcL2p1bmlvci1oYW5kbGluZy1WZWxrZS1VbGFueS5qcGciLCJzbGlkZXNob3ciOiI3Yjc5NThiMCJ9\">\n\t\t\t\t\t<div class=\"e-gallery-image elementor-gallery-item__image\" data-thumbnail=\"https:\/\/www.alijamos-whippets.sk\/wp-content\/uploads\/2020\/09\/junior-handling-Velke-Ulany.jpg\" data-width=\"768\" data-height=\"914\" aria-label=\"\" role=\"img\" ><\/div>\n\t\t\t\t\t\t\t\t\t\t\t<div class=\"elementor-gallery-item__overlay\"><\/div>\n\t\t\t\t\t\t\t\t\t\t\t\t\t\t\t<div class=\"elementor-gallery-item__content\">\n\t\t\t\t\t\t\t\t\t\t\t\t\t\t<div class=\"elementor-gallery-item__description\">\n\t\t\t\t\t\t\t\t\t\t\t\t\t\t\t\t\t\tJakub\t\t\t\t\t\t\t\t<\/div>\n\t\t\t\t\t\t\t\t\t\t\t\t<\/div>\n\t\t\t\t\t\t\t\t\t<\/a>\n\t\t\t\t\t\t\t<a class=\"e-gallery-item elementor-gallery-item elementor-animated-content\" data-e-gallery-tags=\"0\" href=\"https:\/\/www.alijamos-whippets.sk\/wp-content\/uploads\/2020\/09\/Jakub-finalovy-vecer-handlerov-1rocnik-2017.png\" data-elementor-open-lightbox=\"yes\" data-elementor-lightbox-slideshow=\"7b7958b0\" data-elementor-lightbox-title=\"Jakub fin\u00e1lov\u00fd ve\u010der handlerov 1. ro\u010dn\u00edk 2017\" data-e-action-hash=\"#elementor-action%3Aaction%3Dlightbox%26settings%3DeyJpZCI6MjUzMiwidXJsIjoiaHR0cHM6XC9cL3d3dy5hbGlqYW1vcy13aGlwcGV0cy5za1wvd3AtY29udGVudFwvdXBsb2Fkc1wvMjAyMFwvMDlcL0pha3ViLWZpbmFsb3Z5LXZlY2VyLWhhbmRsZXJvdi0xcm9jbmlrLTIwMTcucG5nIiwic2xpZGVzaG93IjoiN2I3OTU4YjAifQ%3D%3D\">\n\t\t\t\t\t<div class=\"e-gallery-image elementor-gallery-item__image\" data-thumbnail=\"https:\/\/www.alijamos-whippets.sk\/wp-content\/uploads\/2020\/09\/Jakub-finalovy-vecer-handlerov-1rocnik-2017.png\" data-width=\"1024\" data-height=\"770\" aria-label=\"Jakub fin\u00e1lov\u00fd ve\u010der handlerov 1. ro\u010dn\u00edk 2017\" role=\"img\" ><\/div>\n\t\t\t\t\t\t\t\t\t\t\t<div class=\"elementor-gallery-item__overlay\"><\/div>\n\t\t\t\t\t\t\t\t\t\t\t\t\t\t\t<div class=\"elementor-gallery-item__content\">\n\t\t\t\t\t\t\t\t\t\t\t\t\t\t<div class=\"elementor-gallery-item__description\">\n\t\t\t\t\t\t\t\t\t\t\t\t\t\t\t\t\t\tJakub fin\u00e1lov\u00fd ve\u010der handlerov 1. ro\u010dn\u00edk 2017\t\t\t\t\t\t\t\t<\/div>\n\t\t\t\t\t\t\t\t\t\t\t\t<\/div>\n\t\t\t\t\t\t\t\t\t<\/a>\n\t\t\t\t\t\t\t<a class=\"e-gallery-item elementor-gallery-item elementor-animated-content\" data-e-gallery-tags=\"0\" href=\"https:\/\/www.alijamos-whippets.sk\/wp-content\/uploads\/2020\/09\/junior-handleri.jpg\" data-elementor-open-lightbox=\"yes\" data-elementor-lightbox-slideshow=\"7b7958b0\" data-elementor-lightbox-title=\"junior-handleri\" data-e-action-hash=\"#elementor-action%3Aaction%3Dlightbox%26settings%3DeyJpZCI6MTk5OCwidXJsIjoiaHR0cHM6XC9cL3d3dy5hbGlqYW1vcy13aGlwcGV0cy5za1wvd3AtY29udGVudFwvdXBsb2Fkc1wvMjAyMFwvMDlcL2p1bmlvci1oYW5kbGVyaS5qcGciLCJzbGlkZXNob3ciOiI3Yjc5NThiMCJ9\">\n\t\t\t\t\t<div class=\"e-gallery-image elementor-gallery-item__image\" data-thumbnail=\"https:\/\/www.alijamos-whippets.sk\/wp-content\/uploads\/2020\/09\/junior-handleri.jpg\" data-width=\"1024\" data-height=\"824\" aria-label=\"\" role=\"img\" ><\/div>\n\t\t\t\t\t\t\t\t\t\t\t<div class=\"elementor-gallery-item__overlay\"><\/div>\n\t\t\t\t\t\t\t\t\t\t\t\t\t\t\t<div class=\"elementor-gallery-item__content\">\n\t\t\t\t\t\t\t\t\t\t\t<\/div>\n\t\t\t\t\t\t\t\t\t<\/a>\n\t\t\t\t\t\t\t<a class=\"e-gallery-item elementor-gallery-item elementor-animated-content\" data-e-gallery-tags=\"1\" href=\"https:\/\/www.alijamos-whippets.sk\/wp-content\/uploads\/2020\/09\/JH-Jakub-Oliver.jpg\" data-elementor-open-lightbox=\"yes\" data-elementor-lightbox-slideshow=\"7b7958b0\" data-elementor-lightbox-title=\"JH Jakub a Oliver\" data-e-action-hash=\"#elementor-action%3Aaction%3Dlightbox%26settings%3DeyJpZCI6MTk0NywidXJsIjoiaHR0cHM6XC9cL3d3dy5hbGlqYW1vcy13aGlwcGV0cy5za1wvd3AtY29udGVudFwvdXBsb2Fkc1wvMjAyMFwvMDlcL0pILUpha3ViLU9saXZlci5qcGciLCJzbGlkZXNob3ciOiI3Yjc5NThiMCJ9\">\n\t\t\t\t\t<div class=\"e-gallery-image elementor-gallery-item__image\" data-thumbnail=\"https:\/\/www.alijamos-whippets.sk\/wp-content\/uploads\/2020\/09\/JH-Jakub-Oliver.jpg\" data-width=\"1024\" data-height=\"682\" aria-label=\"JH Jakub a Oliver\" role=\"img\" ><\/div>\n\t\t\t\t\t\t\t\t\t\t\t<div class=\"elementor-gallery-item__overlay\"><\/div>\n\t\t\t\t\t\t\t\t\t\t\t\t\t\t\t<div class=\"elementor-gallery-item__content\">\n\t\t\t\t\t\t\t\t\t\t\t\t\t\t<div class=\"elementor-gallery-item__description\">\n\t\t\t\t\t\t\t\t\t\t\t\t\t\t\t\t\t\tJH Jakub a Oliver\t\t\t\t\t\t\t\t<\/div>\n\t\t\t\t\t\t\t\t\t\t\t\t<\/div>\n\t\t\t\t\t\t\t\t\t<\/a>\n\t\t\t\t\t\t\t<a class=\"e-gallery-item elementor-gallery-item elementor-animated-content\" data-e-gallery-tags=\"1\" href=\"https:\/\/www.alijamos-whippets.sk\/wp-content\/uploads\/2020\/09\/JH-Oliver-Beetle.jpg\" data-elementor-open-lightbox=\"yes\" data-elementor-lightbox-slideshow=\"7b7958b0\" data-elementor-lightbox-title=\"JH Oliver a Beetle\" data-e-action-hash=\"#elementor-action%3Aaction%3Dlightbox%26settings%3DeyJpZCI6Mjc3MCwidXJsIjoiaHR0cHM6XC9cL3d3dy5hbGlqYW1vcy13aGlwcGV0cy5za1wvd3AtY29udGVudFwvdXBsb2Fkc1wvMjAyMFwvMDlcL0pILU9saXZlci1CZWV0bGUuanBnIiwic2xpZGVzaG93IjoiN2I3OTU4YjAifQ%3D%3D\">\n\t\t\t\t\t<div class=\"e-gallery-image elementor-gallery-item__image\" data-thumbnail=\"https:\/\/www.alijamos-whippets.sk\/wp-content\/uploads\/2020\/09\/JH-Oliver-Beetle.jpg\" data-width=\"1024\" data-height=\"806\" aria-label=\"JH Oliver a Beetle\" role=\"img\" ><\/div>\n\t\t\t\t\t\t\t\t\t\t\t<div class=\"elementor-gallery-item__overlay\"><\/div>\n\t\t\t\t\t\t\t\t\t\t\t\t\t\t\t<div class=\"elementor-gallery-item__content\">\n\t\t\t\t\t\t\t\t\t\t\t\t\t\t<div class=\"elementor-gallery-item__description\">\n\t\t\t\t\t\t\t\t\t\t\t\t\t\t\t\t\t\tJH Oliver a Beetle\t\t\t\t\t\t\t\t<\/div>\n\t\t\t\t\t\t\t\t\t\t\t\t<\/div>\n\t\t\t\t\t\t\t\t\t<\/a>\n\t\t\t\t\t\t\t<a class=\"e-gallery-item elementor-gallery-item elementor-animated-content\" data-e-gallery-tags=\"1\" href=\"https:\/\/www.alijamos-whippets.sk\/wp-content\/uploads\/2020\/09\/JH-Oliver.jpg\" data-elementor-open-lightbox=\"yes\" data-elementor-lightbox-slideshow=\"7b7958b0\" data-elementor-lightbox-title=\"JH Oliver\" data-e-action-hash=\"#elementor-action%3Aaction%3Dlightbox%26settings%3DeyJpZCI6Mjc3MiwidXJsIjoiaHR0cHM6XC9cL3d3dy5hbGlqYW1vcy13aGlwcGV0cy5za1wvd3AtY29udGVudFwvdXBsb2Fkc1wvMjAyMFwvMDlcL0pILU9saXZlci5qcGciLCJzbGlkZXNob3ciOiI3Yjc5NThiMCJ9\">\n\t\t\t\t\t<div class=\"e-gallery-image elementor-gallery-item__image\" data-thumbnail=\"https:\/\/www.alijamos-whippets.sk\/wp-content\/uploads\/2020\/09\/JH-Oliver.jpg\" data-width=\"960\" data-height=\"823\" aria-label=\"JH Oliver\" role=\"img\" ><\/div>\n\t\t\t\t\t\t\t\t\t\t\t<div class=\"elementor-gallery-item__overlay\"><\/div>\n\t\t\t\t\t\t\t\t\t\t\t\t\t\t\t<div class=\"elementor-gallery-item__content\">\n\t\t\t\t\t\t\t\t\t\t\t\t\t\t<div class=\"elementor-gallery-item__description\">\n\t\t\t\t\t\t\t\t\t\t\t\t\t\t\t\t\t\tJH Oliver\t\t\t\t\t\t\t\t<\/div>\n\t\t\t\t\t\t\t\t\t\t\t\t<\/div>\n\t\t\t\t\t\t\t\t\t<\/a>\n\t\t\t\t\t\t\t<a class=\"e-gallery-item elementor-gallery-item elementor-animated-content\" data-e-gallery-tags=\"2\" href=\"https:\/\/www.alijamos-whippets.sk\/wp-content\/uploads\/2020\/09\/JH-Michal1.jpg\" data-elementor-open-lightbox=\"yes\" data-elementor-lightbox-slideshow=\"7b7958b0\" data-elementor-lightbox-title=\"JH-Michal1\" data-e-action-hash=\"#elementor-action%3Aaction%3Dlightbox%26settings%3DeyJpZCI6MTk4OSwidXJsIjoiaHR0cHM6XC9cL3d3dy5hbGlqYW1vcy13aGlwcGV0cy5za1wvd3AtY29udGVudFwvdXBsb2Fkc1wvMjAyMFwvMDlcL0pILU1pY2hhbDEuanBnIiwic2xpZGVzaG93IjoiN2I3OTU4YjAifQ%3D%3D\">\n\t\t\t\t\t<div class=\"e-gallery-image elementor-gallery-item__image\" data-thumbnail=\"https:\/\/www.alijamos-whippets.sk\/wp-content\/uploads\/2020\/09\/JH-Michal1.jpg\" data-width=\"786\" data-height=\"1048\" aria-label=\"\" role=\"img\" ><\/div>\n\t\t\t\t\t\t\t\t\t\t\t<div class=\"elementor-gallery-item__overlay\"><\/div>\n\t\t\t\t\t\t\t\t\t\t\t\t\t\t\t<div class=\"elementor-gallery-item__content\">\n\t\t\t\t\t\t\t\t\t\t\t\t\t\t<div class=\"elementor-gallery-item__description\">\n\t\t\t\t\t\t\t\t\t\t\t\t\t\t\t\t\t\tMichal a Lina\t\t\t\t\t\t\t\t<\/div>\n\t\t\t\t\t\t\t\t\t\t\t\t<\/div>\n\t\t\t\t\t\t\t\t\t<\/a>\n\t\t\t\t\t\t\t<a class=\"e-gallery-item elementor-gallery-item elementor-animated-content\" data-e-gallery-tags=\"2\" href=\"https:\/\/www.alijamos-whippets.sk\/wp-content\/uploads\/2020\/09\/JH-Michal3.jpg\" data-elementor-open-lightbox=\"yes\" data-elementor-lightbox-slideshow=\"7b7958b0\" data-elementor-lightbox-title=\"JH-Michal3\" data-e-action-hash=\"#elementor-action%3Aaction%3Dlightbox%26settings%3DeyJpZCI6MTk5MSwidXJsIjoiaHR0cHM6XC9cL3d3dy5hbGlqYW1vcy13aGlwcGV0cy5za1wvd3AtY29udGVudFwvdXBsb2Fkc1wvMjAyMFwvMDlcL0pILU1pY2hhbDMuanBnIiwic2xpZGVzaG93IjoiN2I3OTU4YjAifQ%3D%3D\">\n\t\t\t\t\t<div class=\"e-gallery-image elementor-gallery-item__image\" data-thumbnail=\"https:\/\/www.alijamos-whippets.sk\/wp-content\/uploads\/2020\/09\/JH-Michal3.jpg\" data-width=\"1024\" data-height=\"949\" aria-label=\"\" role=\"img\" ><\/div>\n\t\t\t\t\t\t\t\t\t\t\t<div class=\"elementor-gallery-item__overlay\"><\/div>\n\t\t\t\t\t\t\t\t\t\t\t\t\t\t\t<div class=\"elementor-gallery-item__content\">\n\t\t\t\t\t\t\t\t\t\t\t\t\t\t<div class=\"elementor-gallery-item__description\">\n\t\t\t\t\t\t\t\t\t\t\t\t\t\t\t\t\t\tMichal a Lina\t\t\t\t\t\t\t\t<\/div>\n\t\t\t\t\t\t\t\t\t\t\t\t<\/div>\n\t\t\t\t\t\t\t\t\t<\/a>\n\t\t\t\t\t\t\t<a class=\"e-gallery-item elementor-gallery-item elementor-animated-content\" data-e-gallery-tags=\"2\" href=\"https:\/\/www.alijamos-whippets.sk\/wp-content\/uploads\/2020\/09\/JH-Michal4.jpg\" data-elementor-open-lightbox=\"yes\" data-elementor-lightbox-slideshow=\"7b7958b0\" data-elementor-lightbox-title=\"JH-Michal4\" data-e-action-hash=\"#elementor-action%3Aaction%3Dlightbox%26settings%3DeyJpZCI6MTk5MywidXJsIjoiaHR0cHM6XC9cL3d3dy5hbGlqYW1vcy13aGlwcGV0cy5za1wvd3AtY29udGVudFwvdXBsb2Fkc1wvMjAyMFwvMDlcL0pILU1pY2hhbDQuanBnIiwic2xpZGVzaG93IjoiN2I3OTU4YjAifQ%3D%3D\">\n\t\t\t\t\t<div class=\"e-gallery-image elementor-gallery-item__image\" data-thumbnail=\"https:\/\/www.alijamos-whippets.sk\/wp-content\/uploads\/2020\/09\/JH-Michal4.jpg\" data-width=\"1024\" data-height=\"917\" aria-label=\"\" role=\"img\" ><\/div>\n\t\t\t\t\t\t\t\t\t\t\t<div class=\"elementor-gallery-item__overlay\"><\/div>\n\t\t\t\t\t\t\t\t\t\t\t\t\t\t\t<div class=\"elementor-gallery-item__content\">\n\t\t\t\t\t\t\t\t\t\t\t\t\t\t<div class=\"elementor-gallery-item__description\">\n\t\t\t\t\t\t\t\t\t\t\t\t\t\t\t\t\t\tMichal a Lina\t\t\t\t\t\t\t\t<\/div>\n\t\t\t\t\t\t\t\t\t\t\t\t<\/div>\n\t\t\t\t\t\t\t\t\t<\/a>\n\t\t\t\t\t<\/div>\n\t\t\t\t\t<\/div>\n\t\t\t\t<\/div>\n\t\t\t\t\t<\/div>\n\t\t<\/div>\n\t\t\t\t\t<\/div>\n\t\t<\/section>\n\t\t\t\t<\/div>\n\t\t","protected":false},"excerpt":{"rendered":"<p>Junior handling Hopeful handlers at Alijamo&#8217;s. We have been engaged in junior handling for several years. Jakub started in 2010 with our Jasm\u00edna at international exhibitions in the Child and Dog competitions, which have since been canceled. So we waited until he reached the age of 9 and could start intensively engaging in junior handling. [&hellip;]<\/p>\n","protected":false},"author":2,"featured_media":0,"parent":0,"menu_order":0,"comment_status":"closed","ping_status":"closed","template":"","meta":{"iawp_total_views":15,"footnotes":""},"class_list":["post-2018","page","type-page","status-publish","hentry"],"_links":{"self":[{"href":"https:\/\/www.alijamos-whippets.sk\/en\/wp-json\/wp\/v2\/pages\/2018","targetHints":{"allow":["GET"]}}],"collection":[{"href":"https:\/\/www.alijamos-whippets.sk\/en\/wp-json\/wp\/v2\/pages"}],"about":[{"href":"https:\/\/www.alijamos-whippets.sk\/en\/wp-json\/wp\/v2\/types\/page"}],"author":[{"embeddable":true,"href":"https:\/\/www.alijamos-whippets.sk\/en\/wp-json\/wp\/v2\/users\/2"}],"replies":[{"embeddable":true,"href":"https:\/\/www.alijamos-whippets.sk\/en\/wp-json\/wp\/v2\/comments?post=2018"}],"version-history":[{"count":0,"href":"https:\/\/www.alijamos-whippets.sk\/en\/wp-json\/wp\/v2\/pages\/2018\/revisions"}],"wp:attachment":[{"href":"https:\/\/www.alijamos-whippets.sk\/en\/wp-json\/wp\/v2\/media?parent=2018"}],"curies":[{"name":"wp","href":"https:\/\/api.w.org\/{rel}","templated":true}]}}